{"id":188,"date":"2019-07-08T16:08:27","date_gmt":"2019-07-08T16:08:27","guid":{"rendered":"http:\/\/moll-trocknungs-service.eu\/?page_id=188"},"modified":"2019-07-08T16:08:27","modified_gmt":"2019-07-08T16:08:27","slug":"jobs","status":"publish","type":"page","link":"https:\/\/moll-trocknungs-service.eu\/?page_id=188","title":{"rendered":"Jobs"},"content":{"rendered":"\n<p><strong>Wir stellen ein!<\/strong><br> Um unser Team zu verst\u00e4rken, suchen wir ab sofort neue Mitglieder!<br><br><strong>Wen suchen wir?<\/strong><br>Wir stellen ein Servicemonteure m\/w f\u00fcr das Installieren von Trocknungsanlagen.<br><strong><br>Welche Voraussetzungen sind mitzubringen?<\/strong><br>Ein guter oder schlechter Schulabschluss interessiert uns nicht. Wei\u00dfe Flecken im Lebenslauf d\u00fcrfen vorkommen. F\u00fcr uns z\u00e4hlen Werte wie Ehrlichkeit, Zuverl\u00e4ssigkeit,Teamf\u00e4higkeit und selbstst\u00e4ndiges Denken! <br>Wir freuen uns auf eure Bewerbungen.<br><br><strong> Wie bewerbe ich mich?<\/strong><br>Gerne k\u00f6nnen uns die Unterlagen (Anschreiben, Lebenslauf, evtl. Zeugnisse\/ Zertifikate) per Mail an die info@moll-trocknungs-service.de zugeschickt werden. <br>Ebenso ist der postalische Weg in Ordnung.<br><br><strong> Das erwartet euch:<\/strong><br> Wir sind breit aufgestellt und bieten Wasserschadenssanierung f\u00fcr<br> Versicherungsgesch\u00e4digte bzw. dessen Versicherungsnehmer an<br> Ganzj\u00e4hrig Zukunftsicheren Arbeitsplatz, angehmes Arbeitsklima<br> Abwechslungsreiches ,Gewerks\u00fcbergreifendes T\u00e4tigkeitsfeld<br> Eins\u00e4tze in der n\u00e4heren Umgebung<\/p>\n","protected":false},"excerpt":{"rendered":"<p>Wir stellen ein! Um unser Team zu verst\u00e4rken, suchen wir ab sofort neue Mitglieder! Wen suchen wir?Wir stellen ein Servicemonteure m\/w f\u00fcr das Installieren von Trocknungsanlagen.Welche Voraussetzungen sind mitzubringen?Ein guter oder schlechter Schulabschluss interessiert uns nicht. Wei\u00dfe Flecken im Lebenslauf d\u00fcrfen vorkommen. F\u00fcr uns z\u00e4hlen Werte wie Ehrlichkeit, Zuverl\u00e4ssigkeit,Teamf\u00e4higkeit und selbstst\u00e4ndiges Denken! Wir freuen uns [&hellip;]<\/p>\n","protected":false},"author":1,"featured_media":0,"parent":0,"menu_order":0,"comment_status":"closed","ping_status":"closed","template":"","meta":{"footnotes":""},"class_list":["post-188","page","type-page","status-publish","hentry"],"_links":{"self":[{"href":"https:\/\/moll-trocknungs-service.eu\/index.php?rest_route=\/wp\/v2\/pages\/188","targetHints":{"allow":["GET"]}}],"collection":[{"href":"https:\/\/moll-trocknungs-service.eu\/index.php?rest_route=\/wp\/v2\/pages"}],"about":[{"href":"https:\/\/moll-trocknungs-service.eu\/index.php?rest_route=\/wp\/v2\/types\/page"}],"author":[{"embeddable":true,"href":"https:\/\/moll-trocknungs-service.eu\/index.php?rest_route=\/wp\/v2\/users\/1"}],"replies":[{"embeddable":true,"href":"https:\/\/moll-trocknungs-service.eu\/index.php?rest_route=%2Fwp%2Fv2%2Fcomments&post=188"}],"version-history":[{"count":1,"href":"https:\/\/moll-trocknungs-service.eu\/index.php?rest_route=\/wp\/v2\/pages\/188\/revisions"}],"predecessor-version":[{"id":190,"href":"https:\/\/moll-trocknungs-service.eu\/index.php?rest_route=\/wp\/v2\/pages\/188\/revisions\/190"}],"wp:attachment":[{"href":"https:\/\/moll-trocknungs-service.eu\/index.php?rest_route=%2Fwp%2Fv2%2Fmedia&parent=188"}],"curies":[{"name":"wp","href":"https:\/\/api.w.org\/{rel}","templated":true}]}}