{"id":42,"date":"2019-05-22T06:13:36","date_gmt":"2019-05-22T06:13:36","guid":{"rendered":"http:\/\/moll-trocknungs-service.eu\/?page_id=42"},"modified":"2019-06-03T05:49:28","modified_gmt":"2019-06-03T05:49:28","slug":"wir-ueber-uns-2","status":"publish","type":"page","link":"https:\/\/moll-trocknungs-service.eu\/?page_id=42","title":{"rendered":"Leckortung"},"content":{"rendered":"\n<h2>Leckageortung vom Fachmann!<\/h2><br><p> Langj\u00e4hrige und stets weiterbildende Erfahrungen, der Einsatz modernster<br>elektronischer Messger\u00e4te sowie die genaue Kenntnis \u00fcber physikalische und bauspezifische Gegebenheiten sind der Garant f\u00fcr eine erfolgreiche<br>Leckageortung. Diese sind unerl\u00e4sslich, damit eine Fehlerquelle<br>zerst\u00f6rungsfrei und kosteng\u00fcnstig lokalisiert werden kann. <br>Sie suchen nach einer Firma f\u00fcr Leckageortung im Umkreis von K\u00f6ln ,Aachen, D\u00fcren,<br>M\u00f6nchengladbach, Euskirchen, D\u00fcsseldorf. <br>Hier sind Sie genau richtig!<\/p>\n\n\n\n<div class=\"wp-block-image\"><figure class=\"alignleft is-resized\"><img loading=\"lazy\" decoding=\"async\" src=\"http:\/\/moll-trocknungs-service.eu\/wp-content\/uploads\/2019\/05\/IMG_0736-1024x1024.jpg\" alt=\"\" class=\"wp-image-105\" width=\"340\" height=\"340\" srcset=\"https:\/\/moll-trocknungs-service.eu\/wp-content\/uploads\/2019\/05\/IMG_0736-1024x1024.jpg 1024w, https:\/\/moll-trocknungs-service.eu\/wp-content\/uploads\/2019\/05\/IMG_0736-150x150.jpg 150w, https:\/\/moll-trocknungs-service.eu\/wp-content\/uploads\/2019\/05\/IMG_0736-300x300.jpg 300w, https:\/\/moll-trocknungs-service.eu\/wp-content\/uploads\/2019\/05\/IMG_0736-768x768.jpg 768w\" sizes=\"auto, (max-width: 340px) 100vw, 340px\" \/><\/figure><\/div>\n\n\n\n<p>Unsere Messfahrzeuge sind auf alle m\u00f6glichen Erfordernisse f\u00fcr eine optimierte Leckageortung abgestimmt, wie zum Beispiel<br><br> \u2022 Kapazitiv- oder Widerstandsmessverfahren<br> \u2022 Elektroakustik zur Erkennung von Schallquellen an Leitungen<br> \u2022 Endoskopie<br> \u2022 Elektro-Impulsverfahren<br> \u2022 Formiergasverfahren<br> \u2022 Rohrkamera<br> \u2022 W\u00e4rmebildkamera<br><br><br><br><br><\/p>\n\n\n\n<p><em><strong>Ihre Vorteile<\/strong><\/em><br><br> \u2022 Zerst\u00f6rungsfreie Ortung<br> \u2022 Geschultes Fachpersonal<br> \u2022 Detaillierte Aufnahme der Schadensursache f\u00fcr Ihre Versicherung<br> \u2022 Energieeffiziente und modernste Ausr\u00fcstung<br> \u2022 Kostenlose Beratung und Angebotserstellung<br> \u2022 H\u00f6chster Qualit\u00e4tsstandard in Technik und Service<\/p>\n","protected":false},"excerpt":{"rendered":"<p>Leckageortung vom Fachmann! Langj\u00e4hrige und stets weiterbildende Erfahrungen, der Einsatz modernsterelektronischer Messger\u00e4te sowie die genaue Kenntnis \u00fcber physikalische und bauspezifische Gegebenheiten sind der Garant f\u00fcr eine erfolgreicheLeckageortung. Diese sind unerl\u00e4sslich, damit eine Fehlerquellezerst\u00f6rungsfrei und kosteng\u00fcnstig lokalisiert werden kann. Sie suchen nach einer Firma f\u00fcr Leckageortung im Umkreis von K\u00f6ln ,Aachen, D\u00fcren,M\u00f6nchengladbach, Euskirchen, D\u00fcsseldorf. Hier sind [&hellip;]<\/p>\n","protected":false},"author":1,"featured_media":0,"parent":57,"menu_order":5,"comment_status":"closed","ping_status":"closed","template":"fullwidth.php","meta":{"footnotes":""},"class_list":["post-42","page","type-page","status-publish","hentry"],"_links":{"self":[{"href":"https:\/\/moll-trocknungs-service.eu\/index.php?rest_route=\/wp\/v2\/pages\/42","targetHints":{"allow":["GET"]}}],"collection":[{"href":"https:\/\/moll-trocknungs-service.eu\/index.php?rest_route=\/wp\/v2\/pages"}],"about":[{"href":"https:\/\/moll-trocknungs-service.eu\/index.php?rest_route=\/wp\/v2\/types\/page"}],"author":[{"embeddable":true,"href":"https:\/\/moll-trocknungs-service.eu\/index.php?rest_route=\/wp\/v2\/users\/1"}],"replies":[{"embeddable":true,"href":"https:\/\/moll-trocknungs-service.eu\/index.php?rest_route=%2Fwp%2Fv2%2Fcomments&post=42"}],"version-history":[{"count":14,"href":"https:\/\/moll-trocknungs-service.eu\/index.php?rest_route=\/wp\/v2\/pages\/42\/revisions"}],"predecessor-version":[{"id":141,"href":"https:\/\/moll-trocknungs-service.eu\/index.php?rest_route=\/wp\/v2\/pages\/42\/revisions\/141"}],"up":[{"embeddable":true,"href":"https:\/\/moll-trocknungs-service.eu\/index.php?rest_route=\/wp\/v2\/pages\/57"}],"wp:attachment":[{"href":"https:\/\/moll-trocknungs-service.eu\/index.php?rest_route=%2Fwp%2Fv2%2Fmedia&parent=42"}],"curies":[{"name":"wp","href":"https:\/\/api.w.org\/{rel}","templated":true}]}}