{"id":53,"date":"2019-05-28T15:51:01","date_gmt":"2019-05-28T15:51:01","guid":{"rendered":"http:\/\/moll-trocknungs-service.eu\/?page_id=53"},"modified":"2024-11-28T05:55:48","modified_gmt":"2024-11-28T05:55:48","slug":"kontakt","status":"publish","type":"page","link":"https:\/\/moll-trocknungs-service.eu\/?page_id=53","title":{"rendered":"Kontakt"},"content":{"rendered":"\n<p><strong>Moll &#8211; Trocknungs &#8211; Service<\/strong><\/p>\n\n\n\n<p>Zentrale Friedensstr.10<br>50129 Bergheim<br><br>Gesch\u00e4ftsf\u00fchrer Robert Moll<\/p>\n\n\n\n<p><strong><em>Hauptniederlassung Bergheim<\/em><\/strong><br>Friedensstr.10<br>50129 Bergheim <br>Tel.02271 &#8211; 5695812 <br>Fax 02271 &#8211; 5695813<\/p>\n\n\n\n<p><em><strong>Niederlassung K\u00f6ln<\/strong><\/em><br>Tel. 02271 &#8211; 5695812<\/p>\n\n\n\n<p><strong><em>Niederlassung D\u00fcren<\/em><\/strong> <br>Josef &#8211; Schregel-Str.4<br>Tel. 02421 &#8211; 9945789<\/p>\n\n\n\n<p><strong><em>Niederlassung M\u00f6nchengladbach<\/em><\/strong><br>D\u00fcnnerstr.247<br>Tel. 02161 &#8211; 5616911<\/p>\n\n\n\n<p>E-Mail info@moll-trocknungs-service.de<\/p>\n\n\n\n<p><strong><em>Bankverbindung <\/em><\/strong><br>Sparkasse K\u00f6ln Bonn DE18370501981934869858 <br>BIC COLSDE33XXX <br>UST-Id.Nr. DE233906113<\/p>\n\n\n\n<p><strong><em>Kontaktformular<\/em><\/strong><\/p>\n\n\n\n<div class=\"wpcf7 no-js\" id=\"wpcf7-f50-o1\" lang=\"de-DE\" dir=\"ltr\" data-wpcf7-id=\"50\">\n<div class=\"screen-reader-response\"><p role=\"status\" aria-live=\"polite\" aria-atomic=\"true\"><\/p> <ul><\/ul><\/div>\n<form action=\"\/index.php?rest_route=%2Fwp%2Fv2%2Fpages%2F53#wpcf7-f50-o1\" method=\"post\" class=\"wpcf7-form init\" aria-label=\"Kontaktformular\" novalidate=\"novalidate\" data-status=\"init\">\n<fieldset class=\"hidden-fields-container\"><input type=\"hidden\" name=\"_wpcf7\" value=\"50\" \/><input type=\"hidden\" name=\"_wpcf7_version\" value=\"6.1.5\" \/><input type=\"hidden\" name=\"_wpcf7_locale\" value=\"de_DE\" \/><input type=\"hidden\" name=\"_wpcf7_unit_tag\" value=\"wpcf7-f50-o1\" \/><input type=\"hidden\" name=\"_wpcf7_container_post\" value=\"0\" \/><input type=\"hidden\" name=\"_wpcf7_posted_data_hash\" value=\"\" \/>\n<\/fieldset>\n<p><label> Dein Name (Pflichtfeld)<br \/>\n<span class=\"wpcf7-form-control-wrap\" data-name=\"your-name\"><input size=\"40\" maxlength=\"400\" class=\"wpcf7-form-control wpcf7-text wpcf7-validates-as-required\" aria-required=\"true\" aria-invalid=\"false\" value=\"\" type=\"text\" name=\"your-name\" \/><\/span> <\/label>\n<\/p>\n<p><label> Deine E-Mail-Adresse (Pflichtfeld)<br \/>\n<span class=\"wpcf7-form-control-wrap\" data-name=\"your-email\"><input size=\"40\" maxlength=\"400\" class=\"wpcf7-form-control wpcf7-email wpcf7-validates-as-required wpcf7-text wpcf7-validates-as-email\" aria-required=\"true\" aria-invalid=\"false\" value=\"\" type=\"email\" name=\"your-email\" \/><\/span> <\/label>\n<\/p>\n<p><label> Betreff<br \/>\n<span class=\"wpcf7-form-control-wrap\" data-name=\"your-subject\"><input size=\"40\" maxlength=\"400\" class=\"wpcf7-form-control wpcf7-text\" aria-invalid=\"false\" value=\"\" type=\"text\" name=\"your-subject\" \/><\/span> <\/label>\n<\/p>\n<p><label> Deine Nachricht<br \/>\n<span class=\"wpcf7-form-control-wrap\" data-name=\"your-message\"><textarea cols=\"40\" rows=\"10\" maxlength=\"2000\" class=\"wpcf7-form-control wpcf7-textarea\" aria-invalid=\"false\" name=\"your-message\"><\/textarea><\/span> <\/label>\n<\/p>\n<p><input class=\"wpcf7-form-control wpcf7-submit has-spinner\" type=\"submit\" value=\"Senden\" \/>\n<\/p><div class=\"wpcf7-response-output\" aria-hidden=\"true\"><\/div>\n<\/form>\n<\/div>\n\n","protected":false},"excerpt":{"rendered":"<p>Moll &#8211; Trocknungs &#8211; Service Zentrale Friedensstr.1050129 Bergheim Gesch\u00e4ftsf\u00fchrer Robert Moll Hauptniederlassung BergheimFriedensstr.1050129 Bergheim Tel.02271 &#8211; 5695812 Fax 02271 &#8211; 5695813 Niederlassung K\u00f6lnTel. 02271 &#8211; 5695812 Niederlassung D\u00fcren Josef &#8211; Schregel-Str.4Tel. 02421 &#8211; 9945789 Niederlassung M\u00f6nchengladbachD\u00fcnnerstr.247Tel. 02161 &#8211; 5616911 E-Mail info@moll-trocknungs-service.de Bankverbindung Sparkasse K\u00f6ln Bonn DE18370501981934869858 BIC COLSDE33XXX UST-Id.Nr. DE233906113 Kontaktformular<\/p>\n","protected":false},"author":1,"featured_media":0,"parent":0,"menu_order":9,"comment_status":"closed","ping_status":"closed","template":"fullwidth.php","meta":{"footnotes":""},"class_list":["post-53","page","type-page","status-publish","hentry"],"_links":{"self":[{"href":"https:\/\/moll-trocknungs-service.eu\/index.php?rest_route=\/wp\/v2\/pages\/53","targetHints":{"allow":["GET"]}}],"collection":[{"href":"https:\/\/moll-trocknungs-service.eu\/index.php?rest_route=\/wp\/v2\/pages"}],"about":[{"href":"https:\/\/moll-trocknungs-service.eu\/index.php?rest_route=\/wp\/v2\/types\/page"}],"author":[{"embeddable":true,"href":"https:\/\/moll-trocknungs-service.eu\/index.php?rest_route=\/wp\/v2\/users\/1"}],"replies":[{"embeddable":true,"href":"https:\/\/moll-trocknungs-service.eu\/index.php?rest_route=%2Fwp%2Fv2%2Fcomments&post=53"}],"version-history":[{"count":6,"href":"https:\/\/moll-trocknungs-service.eu\/index.php?rest_route=\/wp\/v2\/pages\/53\/revisions"}],"predecessor-version":[{"id":203,"href":"https:\/\/moll-trocknungs-service.eu\/index.php?rest_route=\/wp\/v2\/pages\/53\/revisions\/203"}],"wp:attachment":[{"href":"https:\/\/moll-trocknungs-service.eu\/index.php?rest_route=%2Fwp%2Fv2%2Fmedia&parent=53"}],"curies":[{"name":"wp","href":"https:\/\/api.w.org\/{rel}","templated":true}]}}