{"id":55,"date":"2019-05-28T15:51:41","date_gmt":"2019-05-28T15:51:41","guid":{"rendered":"http:\/\/moll-trocknungs-service.eu\/?page_id=55"},"modified":"2019-07-08T16:03:40","modified_gmt":"2019-07-08T16:03:40","slug":"schadensmeldung","status":"publish","type":"page","link":"https:\/\/moll-trocknungs-service.eu\/?page_id=55","title":{"rendered":"Schadenmeldung"},"content":{"rendered":"\n<p>Sie haben einen Wasserschaden?  Kein Problem!  Wir bietet Ihnen die M\u00f6glichkeit  s\u00e4mtliche, f\u00fcr die Schadensabwicklung relevanten Daten, kompakt an uns  zu \u00fcbermitteln. Unser Team verf\u00fcgt dann \u00fcber alle relevanten Daten<\/p>\n\n\n\n<p>Nach Pr\u00fcfung Ihrer Angaben werden wir uns umgehend pers\u00f6hnlich  mit Ihnen in Verbindung setzen. <\/p>\n\n\n\n<p>Gerne k\u00f6nnen Sie ihren Schaden nat\u00fcrlich auch bei einem Mitarbeiter an der Schadenshotline melden unter  02271 \u2013 5695812 .<\/p>\n\n\n\n<div class=\"wpcf7 no-js\" id=\"wpcf7-f130-o1\" lang=\"de-DE\" dir=\"ltr\" data-wpcf7-id=\"130\">\n<div class=\"screen-reader-response\"><p role=\"status\" aria-live=\"polite\" aria-atomic=\"true\"><\/p> <ul><\/ul><\/div>\n<form action=\"\/index.php?rest_route=%2Fwp%2Fv2%2Fpages%2F55#wpcf7-f130-o1\" method=\"post\" class=\"wpcf7-form init\" aria-label=\"Kontaktformular\" novalidate=\"novalidate\" data-status=\"init\">\n<fieldset class=\"hidden-fields-container\"><input type=\"hidden\" name=\"_wpcf7\" value=\"130\" \/><input type=\"hidden\" name=\"_wpcf7_version\" value=\"6.1.5\" \/><input type=\"hidden\" name=\"_wpcf7_locale\" value=\"de_DE\" \/><input type=\"hidden\" name=\"_wpcf7_unit_tag\" value=\"wpcf7-f130-o1\" \/><input type=\"hidden\" name=\"_wpcf7_container_post\" value=\"0\" \/><input type=\"hidden\" name=\"_wpcf7_posted_data_hash\" value=\"\" \/>\n<\/fieldset>\n<p>Versicherungsnehmer:\n<\/p>\n<p><label> Dein Name (Pflichtfeld)<br \/>\n<span class=\"wpcf7-form-control-wrap\" data-name=\"your-name\"><input size=\"40\" maxlength=\"400\" class=\"wpcf7-form-control wpcf7-text wpcf7-validates-as-required\" aria-required=\"true\" aria-invalid=\"false\" value=\"\" type=\"text\" name=\"your-name\" \/><\/span> <\/label>\n<\/p>\n<p><label> Strasse (Pflichtfeld)<br \/>\n<span class=\"wpcf7-form-control-wrap\" data-name=\"strasse\"><input size=\"40\" maxlength=\"400\" class=\"wpcf7-form-control wpcf7-text wpcf7-validates-as-required\" aria-required=\"true\" aria-invalid=\"false\" value=\"\" type=\"text\" name=\"strasse\" \/><\/span> <\/label>\n<\/p>\n<p><label> PLZ \/ Ort (Pflichtfeld)<br \/>\n<span class=\"wpcf7-form-control-wrap\" data-name=\"PLZ\"><input size=\"40\" maxlength=\"400\" class=\"wpcf7-form-control wpcf7-text wpcf7-validates-as-required\" aria-required=\"true\" aria-invalid=\"false\" value=\"\" type=\"text\" name=\"PLZ\" \/><\/span> <\/label>\n<\/p>\n<p><label> Deine E-Mail-Adresse (Pflichtfeld)<br \/>\n<span class=\"wpcf7-form-control-wrap\" data-name=\"your-email\"><input size=\"40\" maxlength=\"400\" class=\"wpcf7-form-control wpcf7-email wpcf7-validates-as-required wpcf7-text wpcf7-validates-as-email\" aria-required=\"true\" aria-invalid=\"false\" value=\"\" type=\"email\" name=\"your-email\" \/><\/span> <\/label>\n<\/p>\n<p><label> Versicherung (falls bekannt)<br \/>\n<span class=\"wpcf7-form-control-wrap\" data-name=\"versicherung\"><input size=\"40\" maxlength=\"400\" class=\"wpcf7-form-control wpcf7-text\" aria-invalid=\"false\" value=\"\" type=\"text\" name=\"versicherung\" \/><\/span> <\/label>\n<\/p>\n<p><label> Versicherung- Nr.(falls bekannt)<br \/>\n<span class=\"wpcf7-form-control-wrap\" data-name=\"versicherung-nr\"><input size=\"40\" maxlength=\"400\" class=\"wpcf7-form-control wpcf7-text\" aria-invalid=\"false\" value=\"\" type=\"text\" name=\"versicherung-nr\" \/><\/span> <\/label>\n<\/p>\n<p>Angaben zum Schadenort (falls vorhanden):\n<\/p>\n<p><label> Ansprechpartner<br \/>\n<span class=\"wpcf7-form-control-wrap\" data-name=\"your-name\"><input size=\"40\" maxlength=\"400\" class=\"wpcf7-form-control wpcf7-text\" aria-invalid=\"false\" value=\"\" type=\"text\" name=\"your-name\" \/><\/span> <\/label>\n<\/p>\n<p><label> Strasse<br \/>\n<span class=\"wpcf7-form-control-wrap\" data-name=\"strasse22\"><input size=\"40\" maxlength=\"400\" class=\"wpcf7-form-control wpcf7-text\" aria-invalid=\"false\" value=\"\" type=\"text\" name=\"strasse22\" \/><\/span> <\/label>\n<\/p>\n<p><label> PLZ \/ Ort<br \/>\n<span class=\"wpcf7-form-control-wrap\" data-name=\"PLZ2\"><input size=\"40\" maxlength=\"400\" class=\"wpcf7-form-control wpcf7-text\" aria-invalid=\"false\" value=\"\" type=\"text\" name=\"PLZ2\" \/><\/span> <\/label>\n<\/p>\n<p>Angaben zum Schaden\n<\/p>\n<p><span class=\"wpcf7-form-control-wrap\" data-name=\"checkbox-701\"><span class=\"wpcf7-form-control wpcf7-checkbox wpcf7-validates-as-required wpcf7-exclusive-checkbox\"><span class=\"wpcf7-list-item first\"><input type=\"checkbox\" name=\"checkbox-701\" value=\"Wasserschaden\" \/><span class=\"wpcf7-list-item-label\">Wasserschaden<\/span><\/span><span class=\"wpcf7-list-item\"><input type=\"checkbox\" name=\"checkbox-701\" value=\"Schimmel\" \/><span class=\"wpcf7-list-item-label\">Schimmel<\/span><\/span><span class=\"wpcf7-list-item\"><input type=\"checkbox\" name=\"checkbox-701\" value=\"Leckageortung\" \/><span class=\"wpcf7-list-item-label\">Leckageortung<\/span><\/span><span class=\"wpcf7-list-item last\"><input type=\"checkbox\" name=\"checkbox-701\" value=\"nicht bekannt\" \/><span class=\"wpcf7-list-item-label\">nicht bekannt<\/span><\/span><\/span><\/span>\n<\/p>\n<p><label> R\u00fcckrufnummer (Pflichtfeld)<br \/>\n<span class=\"wpcf7-form-control-wrap\" data-name=\"telefon\"><input size=\"40\" maxlength=\"400\" class=\"wpcf7-form-control wpcf7-text wpcf7-validates-as-required\" aria-required=\"true\" aria-invalid=\"false\" value=\"\" type=\"text\" name=\"telefon\" \/><\/span> <\/label>\n<\/p>\n<p><input class=\"wpcf7-form-control wpcf7-submit has-spinner\" type=\"submit\" value=\"Senden\" \/>\n<\/p><div class=\"wpcf7-response-output\" aria-hidden=\"true\"><\/div>\n<\/form>\n<\/div>\n\n","protected":false},"excerpt":{"rendered":"<p>Sie haben einen Wasserschaden? Kein Problem! Wir bietet Ihnen die M\u00f6glichkeit s\u00e4mtliche, f\u00fcr die Schadensabwicklung relevanten Daten, kompakt an uns zu \u00fcbermitteln. Unser Team verf\u00fcgt dann \u00fcber alle relevanten Daten Nach Pr\u00fcfung Ihrer Angaben werden wir uns umgehend pers\u00f6hnlich mit Ihnen in Verbindung setzen. Gerne k\u00f6nnen Sie ihren Schaden nat\u00fcrlich auch bei einem Mitarbeiter an [&hellip;]<\/p>\n","protected":false},"author":1,"featured_media":0,"parent":0,"menu_order":8,"comment_status":"closed","ping_status":"closed","template":"","meta":{"footnotes":""},"class_list":["post-55","page","type-page","status-publish","hentry"],"_links":{"self":[{"href":"https:\/\/moll-trocknungs-service.eu\/index.php?rest_route=\/wp\/v2\/pages\/55","targetHints":{"allow":["GET"]}}],"collection":[{"href":"https:\/\/moll-trocknungs-service.eu\/index.php?rest_route=\/wp\/v2\/pages"}],"about":[{"href":"https:\/\/moll-trocknungs-service.eu\/index.php?rest_route=\/wp\/v2\/types\/page"}],"author":[{"embeddable":true,"href":"https:\/\/moll-trocknungs-service.eu\/index.php?rest_route=\/wp\/v2\/users\/1"}],"replies":[{"embeddable":true,"href":"https:\/\/moll-trocknungs-service.eu\/index.php?rest_route=%2Fwp%2Fv2%2Fcomments&post=55"}],"version-history":[{"count":4,"href":"https:\/\/moll-trocknungs-service.eu\/index.php?rest_route=\/wp\/v2\/pages\/55\/revisions"}],"predecessor-version":[{"id":187,"href":"https:\/\/moll-trocknungs-service.eu\/index.php?rest_route=\/wp\/v2\/pages\/55\/revisions\/187"}],"wp:attachment":[{"href":"https:\/\/moll-trocknungs-service.eu\/index.php?rest_route=%2Fwp%2Fv2%2Fmedia&parent=55"}],"curies":[{"name":"wp","href":"https:\/\/api.w.org\/{rel}","templated":true}]}}