{"id":57,"date":"2019-05-28T15:53:18","date_gmt":"2019-05-28T15:53:18","guid":{"rendered":"http:\/\/moll-trocknungs-service.eu\/?page_id=57"},"modified":"2019-07-08T16:03:13","modified_gmt":"2019-07-08T16:03:13","slug":"wasserschaden-schimmel-lecktage","status":"publish","type":"page","link":"https:\/\/moll-trocknungs-service.eu\/?page_id=57","title":{"rendered":"Dienstleistungen"},"content":{"rendered":"\n<h1 class=\"wp-block-heading\"> Moll &#8211; Trocknungs &#8211; Service<\/h1>\n\n\n\n<p> ein mittelst\u00e4ndiges Dienstleistungsunternehmen mit dem  Schwerpunkt in der Wasserschadenbeseitigung sowie Leckageortung und  Schimmelsanierung, das mit Fachkompetenz und hohen Qualit\u00e4tsstandard  seine Kunde betreut, wir haben immer das Ziel die besten zu sein.  Mit  hoher Flexibilit\u00e4t, einem modernen und gepflegten Maschinenpark sowie  geschultem Fachpersonal wurde in den letzten Jahren ein stetig  wachsender Kundenkreis von der Leistungsf\u00e4higkeit \u00fcberzeugt. Das Ziel  wird es weiterhin sein, den qualitativ hohen Qualit\u00e4tsstandard der  Serviceleistungen weiter zu verbessern und neue ausgereifte Technologien  aufzunehmen. <\/p>\n\n\n\n<p>Sie suchen eine Fachfirma f\u00fcr Leckageortung und Trocknung im Umkreis von Aachen Bergehim D\u00fcren D\u00fcsseldorf Euskirchen M\u00f6nchengladbach?<\/p>\n\n\n\n<p>Sie erreichen uns unter  02271 -5695812 <\/p>\n","protected":false},"excerpt":{"rendered":"<p>Moll &#8211; Trocknungs &#8211; Service ein mittelst\u00e4ndiges Dienstleistungsunternehmen mit dem Schwerpunkt in der Wasserschadenbeseitigung sowie Leckageortung und Schimmelsanierung, das mit Fachkompetenz und hohen Qualit\u00e4tsstandard seine Kunde betreut, wir haben immer das Ziel die besten zu sein. Mit hoher Flexibilit\u00e4t, einem modernen und gepflegten Maschinenpark sowie geschultem Fachpersonal wurde in den letzten Jahren ein stetig wachsender [&hellip;]<\/p>\n","protected":false},"author":1,"featured_media":0,"parent":0,"menu_order":3,"comment_status":"closed","ping_status":"closed","template":"","meta":{"footnotes":""},"class_list":["post-57","page","type-page","status-publish","hentry"],"_links":{"self":[{"href":"https:\/\/moll-trocknungs-service.eu\/index.php?rest_route=\/wp\/v2\/pages\/57","targetHints":{"allow":["GET"]}}],"collection":[{"href":"https:\/\/moll-trocknungs-service.eu\/index.php?rest_route=\/wp\/v2\/pages"}],"about":[{"href":"https:\/\/moll-trocknungs-service.eu\/index.php?rest_route=\/wp\/v2\/types\/page"}],"author":[{"embeddable":true,"href":"https:\/\/moll-trocknungs-service.eu\/index.php?rest_route=\/wp\/v2\/users\/1"}],"replies":[{"embeddable":true,"href":"https:\/\/moll-trocknungs-service.eu\/index.php?rest_route=%2Fwp%2Fv2%2Fcomments&post=57"}],"version-history":[{"count":5,"href":"https:\/\/moll-trocknungs-service.eu\/index.php?rest_route=\/wp\/v2\/pages\/57\/revisions"}],"predecessor-version":[{"id":186,"href":"https:\/\/moll-trocknungs-service.eu\/index.php?rest_route=\/wp\/v2\/pages\/57\/revisions\/186"}],"wp:attachment":[{"href":"https:\/\/moll-trocknungs-service.eu\/index.php?rest_route=%2Fwp%2Fv2%2Fmedia&parent=57"}],"curies":[{"name":"wp","href":"https:\/\/api.w.org\/{rel}","templated":true}]}}