{"id":60,"date":"2019-05-28T15:54:22","date_gmt":"2019-05-28T15:54:22","guid":{"rendered":"http:\/\/moll-trocknungs-service.eu\/?page_id=60"},"modified":"2019-07-08T16:21:04","modified_gmt":"2019-07-08T16:21:04","slug":"schimmelbeseitigung","status":"publish","type":"page","link":"https:\/\/moll-trocknungs-service.eu\/?page_id=60","title":{"rendered":"Schimmelbeseitigung"},"content":{"rendered":"\n<div class=\"wp-block-image\"><figure class=\"alignleft is-resized\"><img loading=\"lazy\" decoding=\"async\" src=\"http:\/\/moll-trocknungs-service.eu\/wp-content\/uploads\/2019\/07\/IMG_9520-768x1024.jpeg\" alt=\"\" class=\"wp-image-195\" width=\"292\" height=\"390\" srcset=\"https:\/\/moll-trocknungs-service.eu\/wp-content\/uploads\/2019\/07\/IMG_9520-768x1024.jpeg 768w, https:\/\/moll-trocknungs-service.eu\/wp-content\/uploads\/2019\/07\/IMG_9520-225x300.jpeg 225w, https:\/\/moll-trocknungs-service.eu\/wp-content\/uploads\/2019\/07\/IMG_9520.jpeg 960w\" sizes=\"auto, (max-width: 292px) 100vw, 292px\" \/><\/figure><\/div>\n\n\n\n<h3 class=\"wp-block-heading\">Schimmelpilzsanierung bei Wassersch\u00e4den anhand eines Beispiels:<\/h3>\n\n\n\n<p>Die Durchf\u00fchrung der Schimmelpilzsanierung kann erst nach Behebung der Ursache des Wasserschadens begonnen werden. Die anschlie\u00dfende Trocknung sollte in der Regel immer im Unterdruckverfahren stattfinden. <\/p>\n\n\n\n<p>Hier haben wir einen beispielhaften Ablauf einer Schimmelsanierung bereit gestellt.<br> \u2022 Schleusen installieren (Schwarz\/Wei\u00dfbereich)<br> \u2022 Arbeiten im Unterdruckverfahren (auch in den Schleusen)<br> \u2022 ausreichende technische Be- und Entl\u00fcftung w\u00e4hrend der Arbeiten<br> \u2022 Aufstellen von Luftreinigern mit HEPA Filtern zur Sporenminimierung<br> und zum Herstellen von Unterdruck<br> \u2022 Aufstellen einer automatischen Be- und Entl\u00fcftung<br> \u2022 Befallenes Material wie Mobiliar usw. ist mit Sporenbinder einzuspr\u00fchen<br> bzw. mit H2O2 oder 70 % igem Isopropanol o.\u00e4. zu desinfizieren<br> \u2022 Abtransport des Mobiliars und sonstiges Material in geeigneten Plastiks\u00e4cken<br> \u2022 Kontaminierte Bereiche sind mit speziellen Fr\u00e4sen und Staubsaugern<br> mit HEPA-Filtern abzufr\u00e4sen bzw. abzuschlagen \/ neutralisieren<br> \u2022 Abbau von von befallenen Geb\u00e4udebereichen wie Gipskarton<br> \u2022 Abtransport des Schuttes in Plasiks\u00e4cken<br> \u2022 Nach erfolgreicher Sanierung hat eine Feinreinigung und Desinfektion zu erfolgen (Absaugen aller Fl\u00e4chen, T\u00fcren, Fenster, Rohre, Heizung usw., Abwischen aller Fl\u00e4chen mit 70 %igem Isopropanol o.\u00e4.)<br> \u2022 Die Raumluft ist mit geeigneten nicht giftigen Mitteln (z.B. H2O2 mit Fruchts\u00e4uren) auszunebeln<br> \u2022 Die abgestorbenen Schimmelpilzsporen sind aus der Raumluft zu filtern<br> \u2022 Raumluftaustausch<br> \u2022 Erfolgskontrolle durch Luftkeimsammlung, Partikelsammlung, Klebefilmstreifen, Materialproben Die Kontrollmessungen best\u00e4tigen den Erfolg der fachgerechten Sanierung.<br> \u2022 Die Sanierungsarbeiten werden vom Auftraggeber nach<br> abgeschlossener Sanierung umgehend begutachtet und abgenommen.<br> <\/p>\n","protected":false},"excerpt":{"rendered":"<p>Schimmelpilzsanierung bei Wassersch\u00e4den anhand eines Beispiels: Die Durchf\u00fchrung der Schimmelpilzsanierung kann erst nach Behebung der Ursache des Wasserschadens begonnen werden. Die anschlie\u00dfende Trocknung sollte in der Regel immer im Unterdruckverfahren stattfinden. Hier haben wir einen beispielhaften Ablauf einer Schimmelsanierung bereit gestellt. \u2022 Schleusen installieren (Schwarz\/Wei\u00dfbereich) \u2022 Arbeiten im Unterdruckverfahren (auch in den Schleusen) \u2022 ausreichende [&hellip;]<\/p>\n","protected":false},"author":1,"featured_media":0,"parent":57,"menu_order":6,"comment_status":"closed","ping_status":"closed","template":"fullwidth.php","meta":{"footnotes":""},"class_list":["post-60","page","type-page","status-publish","hentry"],"_links":{"self":[{"href":"https:\/\/moll-trocknungs-service.eu\/index.php?rest_route=\/wp\/v2\/pages\/60","targetHints":{"allow":["GET"]}}],"collection":[{"href":"https:\/\/moll-trocknungs-service.eu\/index.php?rest_route=\/wp\/v2\/pages"}],"about":[{"href":"https:\/\/moll-trocknungs-service.eu\/index.php?rest_route=\/wp\/v2\/types\/page"}],"author":[{"embeddable":true,"href":"https:\/\/moll-trocknungs-service.eu\/index.php?rest_route=\/wp\/v2\/users\/1"}],"replies":[{"embeddable":true,"href":"https:\/\/moll-trocknungs-service.eu\/index.php?rest_route=%2Fwp%2Fv2%2Fcomments&post=60"}],"version-history":[{"count":9,"href":"https:\/\/moll-trocknungs-service.eu\/index.php?rest_route=\/wp\/v2\/pages\/60\/revisions"}],"predecessor-version":[{"id":197,"href":"https:\/\/moll-trocknungs-service.eu\/index.php?rest_route=\/wp\/v2\/pages\/60\/revisions\/197"}],"up":[{"embeddable":true,"href":"https:\/\/moll-trocknungs-service.eu\/index.php?rest_route=\/wp\/v2\/pages\/57"}],"wp:attachment":[{"href":"https:\/\/moll-trocknungs-service.eu\/index.php?rest_route=%2Fwp%2Fv2%2Fmedia&parent=60"}],"curies":[{"name":"wp","href":"https:\/\/api.w.org\/{rel}","templated":true}]}}