{"id":81,"date":"2019-05-30T13:17:17","date_gmt":"2019-05-30T13:17:17","guid":{"rendered":"http:\/\/moll-trocknungs-service.eu\/?page_id=81"},"modified":"2019-07-08T16:22:23","modified_gmt":"2019-07-08T16:22:23","slug":"trocknung","status":"publish","type":"page","link":"https:\/\/moll-trocknungs-service.eu\/?page_id=81","title":{"rendered":"Trocknung"},"content":{"rendered":"\n<h2 class=\"wp-block-heading\">Trocknung nach Wasserschaden<\/h2>\n\n\n\n<div class=\"wp-block-image\"><figure class=\"alignleft is-resized\"><img loading=\"lazy\" decoding=\"async\" src=\"http:\/\/moll-trocknungs-service.eu\/wp-content\/uploads\/2019\/07\/IMG_6853-768x1024.jpeg\" alt=\"\" class=\"wp-image-193\" width=\"285\" height=\"380\" srcset=\"https:\/\/moll-trocknungs-service.eu\/wp-content\/uploads\/2019\/07\/IMG_6853-768x1024.jpeg 768w, https:\/\/moll-trocknungs-service.eu\/wp-content\/uploads\/2019\/07\/IMG_6853-225x300.jpeg 225w, https:\/\/moll-trocknungs-service.eu\/wp-content\/uploads\/2019\/07\/IMG_6853.jpeg 960w\" sizes=\"auto, (max-width: 285px) 100vw, 285px\" \/><\/figure><\/div>\n\n\n\n<p>Als modernes Dienstleistungsunternehmen mit langj\u00e4hriger Erfahrung im<br>Bereich Geb\u00e4udetrocknung, Wasserschadenregulierung und<br>Bauentfeuchtung setzt die Firma Moll &#8211; Trocknungs &#8211; Service neue Ma\u00dfst\u00e4be in Qualit\u00e4t und Wirtschaftlichkeit. Wir bieten Ihnen fundierte Analysen, Messungen, Beratungen sowie die qualit\u00e4tsgesicherte Ausf\u00fchrung von Austrocknungsarbeiten Durch Verwendung modernster Verfahrenstechniken werden Ihre Kosten sowie die Trocknungszeiten um bis zu 70 % reduziert.<br><br> Der Einsatz leistungsstarker, energiesparender und umweltvertr\u00e4glicher Technologien sorgt f\u00fcr wirtschaftliche Schadensbegrenzung und Werterhaltung. <br>Als regionale Firma aus dem Rhein Erft Kreis bieten wir unseren Kunden in NRW und aber auch f\u00fcr Gro\u00dfobjekte. Gesch\u00e4tzte 10.000 Wassersch\u00e4den konnten wir in den letzten Jahren durch unseren Geb\u00e4udetrocknung-Service in Coburg, Lichtenfels, Bamberg, Kronach, Kulmbach, Bayreuth, Hof, Schweinfurt, W\u00fcrzburg, Neustadt, Hildburghausen, Suhl, Erfurt und in vielen vielen weiteren St\u00e4dten und Gemeinden f\u00fcr Versicherungen, Makleragenturen und Kunden abwickeln.<br><br><\/p>\n\n\n\n<p><\/p>\n\n\n\n<div class=\"wp-block-image\"><figure class=\"alignright is-resized\"><img loading=\"lazy\" decoding=\"async\" src=\"http:\/\/moll-trocknungs-service.eu\/wp-content\/uploads\/2019\/05\/IMG_0332-768x1024.jpg\" alt=\"\" class=\"wp-image-118\" width=\"327\" height=\"436\" srcset=\"https:\/\/moll-trocknungs-service.eu\/wp-content\/uploads\/2019\/05\/IMG_0332-768x1024.jpg 768w, https:\/\/moll-trocknungs-service.eu\/wp-content\/uploads\/2019\/05\/IMG_0332-225x300.jpg 225w, https:\/\/moll-trocknungs-service.eu\/wp-content\/uploads\/2019\/05\/IMG_0332.jpg 1200w\" sizes=\"auto, (max-width: 327px) 100vw, 327px\" \/><\/figure><\/div>\n\n\n\n<p><strong><em>Ihre Vorteile unserer Geb\u00e4udetrocknung auf einen Blick<\/em><\/strong><br> \u2022 Kostenlose Beratung und Angebotserstellung<br> \u2022 Objektbesichtigung am gleichen Tag der Auftragsstellung<br> \u2022 Detaillierte Schadensanalyse durch Einsatz modernster<br> Messtechnologie<br> \u2022 Individuelle Schadensregulierung und Beratung<br> \u2022 Aufbau der Trocknungsanlagen innerhalb weniger Stunden<br> \u2022 Einleitung der Sofortma\u00dfnahmen zur Schadensminderung<br> \u2022 Verfahrenstechnik f\u00fcr zerst\u00f6rungsfreie Bodentrocknung<br> \u2022 Komplettabwicklung mit allen Versicherungen \u2013 Schaden-Management-<br> Service 24<br> \u2022 Kostenfreie Service Hotline<br> \u2022 K\u00fcrzere Austrocknungszeiten durch modernste Verfahrenstechnik<br> \u2022 H\u00f6chster Qualit\u00e4tsstandard in Technik und Service<br> \u2022 Optimale Wirtschaftlichkeit durch energiesparende leistungsstarke Trocknungsanlagen<br> \u2022 Auf Wunsch anschlie\u00dfende Wiederherstellung<br> \u2022 Sanierungskonzepte mit Architektenleistung SOFORTHILFE<\/p>\n","protected":false},"excerpt":{"rendered":"<p>Trocknung nach Wasserschaden Als modernes Dienstleistungsunternehmen mit langj\u00e4hriger Erfahrung imBereich Geb\u00e4udetrocknung, Wasserschadenregulierung undBauentfeuchtung setzt die Firma Moll &#8211; Trocknungs &#8211; Service neue Ma\u00dfst\u00e4be in Qualit\u00e4t und Wirtschaftlichkeit. Wir bieten Ihnen fundierte Analysen, Messungen, Beratungen sowie die qualit\u00e4tsgesicherte Ausf\u00fchrung von Austrocknungsarbeiten Durch Verwendung modernster Verfahrenstechniken werden Ihre Kosten sowie die Trocknungszeiten um bis zu 70 % [&hellip;]<\/p>\n","protected":false},"author":1,"featured_media":0,"parent":57,"menu_order":3,"comment_status":"closed","ping_status":"closed","template":"fullwidth.php","meta":{"footnotes":""},"class_list":["post-81","page","type-page","status-publish","hentry"],"_links":{"self":[{"href":"https:\/\/moll-trocknungs-service.eu\/index.php?rest_route=\/wp\/v2\/pages\/81","targetHints":{"allow":["GET"]}}],"collection":[{"href":"https:\/\/moll-trocknungs-service.eu\/index.php?rest_route=\/wp\/v2\/pages"}],"about":[{"href":"https:\/\/moll-trocknungs-service.eu\/index.php?rest_route=\/wp\/v2\/types\/page"}],"author":[{"embeddable":true,"href":"https:\/\/moll-trocknungs-service.eu\/index.php?rest_route=\/wp\/v2\/users\/1"}],"replies":[{"embeddable":true,"href":"https:\/\/moll-trocknungs-service.eu\/index.php?rest_route=%2Fwp%2Fv2%2Fcomments&post=81"}],"version-history":[{"count":13,"href":"https:\/\/moll-trocknungs-service.eu\/index.php?rest_route=\/wp\/v2\/pages\/81\/revisions"}],"predecessor-version":[{"id":200,"href":"https:\/\/moll-trocknungs-service.eu\/index.php?rest_route=\/wp\/v2\/pages\/81\/revisions\/200"}],"up":[{"embeddable":true,"href":"https:\/\/moll-trocknungs-service.eu\/index.php?rest_route=\/wp\/v2\/pages\/57"}],"wp:attachment":[{"href":"https:\/\/moll-trocknungs-service.eu\/index.php?rest_route=%2Fwp%2Fv2%2Fmedia&parent=81"}],"curies":[{"name":"wp","href":"https:\/\/api.w.org\/{rel}","templated":true}]}}